{"id":6,"date":"2013-12-12T14:15:42","date_gmt":"2013-12-12T14:15:42","guid":{"rendered":"http:\/\/77.240.19.8\/~scandima\/?page_id=6"},"modified":"2025-05-08T12:42:46","modified_gmt":"2025-05-08T09:42:46","slug":"kvivlaxmarin","status":"publish","type":"page","link":"https:\/\/kvivlaxmarin.fi\/sv\/","title":{"rendered":"Kvivlax Marin"},"content":{"rendered":"<div class=\"one-half first\">\n<h1>B\u00e5tvarv i \u00c5bolands sk\u00e4rg\u00e5rd<\/h1>\n<p>Kvivlax Marin erbjuder b\u00e5ttj\u00e4nster f\u00f6r b\u00e5t- och stugfolk i Nagu.<\/p>\n<h2>Milj\u00f6skydd<\/h2>\n<p>Kvivlax Marin utvecklar st\u00e4ndigt sina tj\u00e4nster f\u00f6r att fr\u00e4mja milj\u00f6n.<br \/>\nVi f\u00f6rs\u00f6ker s\u00e5 l\u00e5ngt som m\u00f6jligt att anv\u00e4nda s\u00e5dana kemikalier som bryts ned direkt i naturen.<\/p>\n<p>Vi tar \u00e4ven emot v\u00e5ra kunders problemavfall (spillolja och ackumulatorer).<br \/>\nProblemavfallet transporteras vidare f\u00f6r \u00e4ndam\u00e5lsenlig \u00e5tervinning.<\/p>\n<\/div>\n<div class=\"one-half\">\n<h3>Tv\u00e4ttservice<\/h3>\n<p>Sommartid erbjuder vi s.k. tv\u00e4ttlyft, det betyder att kunden inte beh\u00f6ver m\u00e5la sitt b\u00e5tbotten med giftf\u00e4rg (antifouling), detta sparar b\u00e5de p\u00e5 naturen och p\u00e5 pl\u00e5nboken. Kom ih\u00e5g att boka p\u00e5 f\u00f6rhand!<\/p>\n<\/div>\n","protected":false},"excerpt":{"rendered":"<p>B\u00e5tvarv i \u00c5bolands sk\u00e4rg\u00e5rd Kvivlax Marin erbjuder b\u00e5ttj\u00e4nster f\u00f6r b\u00e5t- och stugfolk i Nagu. Milj\u00f6skydd Kvivlax Marin utvecklar st\u00e4ndigt sina tj\u00e4nster f\u00f6r att fr\u00e4mja milj\u00f6n. Vi f\u00f6rs\u00f6ker s\u00e5 l\u00e5ngt som m\u00f6jligt att anv\u00e4nda s\u00e5dana kemikalier som bryts ned direkt i naturen. Vi tar \u00e4ven emot v\u00e5ra kunders problemavfall (spillolja och ackumulatorer). Problemavfallet transporteras vidare f\u00f6r [&hellip;]<\/p>\n<a class=\"teaser-button\" href=\"https:\/\/kvivlaxmarin.fi\/sv\/\">L\u00e4s mer...<\/a>","protected":false},"author":1,"featured_media":0,"parent":0,"menu_order":0,"comment_status":"closed","ping_status":"closed","template":"","meta":{"_genesis_hide_title":false,"_genesis_hide_breadcrumbs":false,"_genesis_hide_singular_image":false,"_genesis_hide_footer_widgets":false,"_genesis_custom_body_class":"","_genesis_custom_post_class":"","_genesis_layout":"full-width-content","footnotes":""},"class_list":{"0":"post-6","1":"page","2":"type-page","3":"status-publish","5":"entry"},"_links":{"self":[{"href":"https:\/\/kvivlaxmarin.fi\/sv\/wp-json\/wp\/v2\/pages\/6","targetHints":{"allow":["GET"]}}],"collection":[{"href":"https:\/\/kvivlaxmarin.fi\/sv\/wp-json\/wp\/v2\/pages"}],"about":[{"href":"https:\/\/kvivlaxmarin.fi\/sv\/wp-json\/wp\/v2\/types\/page"}],"author":[{"embeddable":true,"href":"https:\/\/kvivlaxmarin.fi\/sv\/wp-json\/wp\/v2\/users\/1"}],"replies":[{"embeddable":true,"href":"https:\/\/kvivlaxmarin.fi\/sv\/wp-json\/wp\/v2\/comments?post=6"}],"version-history":[{"count":2,"href":"https:\/\/kvivlaxmarin.fi\/sv\/wp-json\/wp\/v2\/pages\/6\/revisions"}],"predecessor-version":[{"id":443,"href":"https:\/\/kvivlaxmarin.fi\/sv\/wp-json\/wp\/v2\/pages\/6\/revisions\/443"}],"wp:attachment":[{"href":"https:\/\/kvivlaxmarin.fi\/sv\/wp-json\/wp\/v2\/media?parent=6"}],"curies":[{"name":"wp","href":"https:\/\/api.w.org\/{rel}","templated":true}]}}