{"id":40,"date":"2013-12-18T18:34:36","date_gmt":"2013-12-18T18:34:36","guid":{"rendered":"http:\/\/77.240.19.8\/~scandima\/?page_id=40"},"modified":"2024-08-25T21:45:09","modified_gmt":"2024-08-25T18:45:09","slug":"kontaktuppgifter","status":"publish","type":"page","link":"https:\/\/kvivlaxmarin.fi\/sv\/kontaktuppgifter\/","title":{"rendered":"Kontaktuppgifter"},"content":{"rendered":"<div class=\"one-half first\">\n<h1>Kontaktuppgifter<\/h1>\n<p>Kvivlax Marin Oy<br \/>\nHagn\u00e4sgatan 3A 18<br \/>\n00530 HELSINGFORS<\/p>\n<p>tel. 045 261 8472 (Ej dejour, b\u00e4st mellan kl. 10-19)<\/p>\n<p>e-post: kvivlaxmarin [at] gmail.com<\/p>\n<h3>Motorservice direkt<\/h3>\n<h4>Grandells verkstad<\/h4>\n<p>Ernholm<br \/>\nFIN-21660 Nagu<\/p>\n<p>tel. 040 554 7559<\/p>\n<h4>Oy M\u00e4l\u00f6 Marin Ab<\/h4>\n<p>Sk\u00e4rg\u00e5rdsv\u00e4gen 3059<br \/>\nFIN-21600 Pargas<\/p>\n<p>tel. 0400 820 854<\/p>\n<\/div>\n<div class=\"one-half\">\n<h4>Karta (Bes\u00f6ksadress)<\/h4>\n<p><iframe loading=\"lazy\" src=\"https:\/\/maps.google.se\/maps?f=q&amp;source=s_q&amp;hl=sv&amp;geocode=&amp;q=bergholmsv%C3%A4gen+pargas&amp;aq=&amp;sll=61.606396,21.225586&amp;sspn=20.388937,54.536133&amp;ie=UTF8&amp;hq=&amp;hnear=Bergholmsv%C3%A4gen,+Pargas,+Finland&amp;t=m&amp;ll=60.132188,21.761684&amp;spn=0.01496,0.036478&amp;z=14&amp;iwloc=A&amp;output=embed\" width=\"425\" height=\"350\" frameborder=\"0\" marginwidth=\"0\" marginheight=\"0\" scrolling=\"no\"><\/iframe><br \/>\n<small><a style=\"color: #0000ff; text-align: left;\" href=\"https:\/\/maps.google.se\/maps?f=q&amp;source=embed&amp;hl=sv&amp;geocode=&amp;q=bergholmsv%C3%A4gen+pargas&amp;aq=&amp;sll=61.606396,21.225586&amp;sspn=20.388937,54.536133&amp;ie=UTF8&amp;hq=&amp;hnear=Bergholmsv%C3%A4gen,+Pargas,+Finland&amp;t=m&amp;ll=60.132188,21.761684&amp;spn=0.01496,0.036478&amp;z=14&amp;iwloc=A\" target=\"_blank\" rel=\"noopener\">Visa st\u00f6rre karta<\/a><\/small><\/p>\n<\/div>\n","protected":false},"excerpt":{"rendered":"<p>Kontaktuppgifter Kvivlax Marin Oy Hagn\u00e4sgatan 3A 18 00530 HELSINGFORS tel. 045 261 8472 (Ej dejour, b\u00e4st mellan kl. 10-19) e-post: kvivlaxmarin [at] gmail.com Motorservice direkt Grandells verkstad Ernholm FIN-21660 Nagu tel. 040 554 7559 Oy M\u00e4l\u00f6 Marin Ab Sk\u00e4rg\u00e5rdsv\u00e4gen 3059 FIN-21600 Pargas tel. 0400 820 854 Karta (Bes\u00f6ksadress) Visa st\u00f6rre karta<\/p>\n<a class=\"teaser-button\" href=\"https:\/\/kvivlaxmarin.fi\/sv\/kontaktuppgifter\/\">L\u00e4s mer...<\/a>","protected":false},"author":1,"featured_media":0,"parent":0,"menu_order":5,"comment_status":"closed","ping_status":"closed","template":"","meta":{"_genesis_hide_title":false,"_genesis_hide_breadcrumbs":false,"_genesis_hide_singular_image":false,"_genesis_hide_footer_widgets":false,"_genesis_custom_body_class":"","_genesis_custom_post_class":"","_genesis_layout":"full-width-content","footnotes":""},"class_list":{"0":"post-40","1":"page","2":"type-page","3":"status-publish","5":"entry"},"_links":{"self":[{"href":"https:\/\/kvivlaxmarin.fi\/sv\/wp-json\/wp\/v2\/pages\/40","targetHints":{"allow":["GET"]}}],"collection":[{"href":"https:\/\/kvivlaxmarin.fi\/sv\/wp-json\/wp\/v2\/pages"}],"about":[{"href":"https:\/\/kvivlaxmarin.fi\/sv\/wp-json\/wp\/v2\/types\/page"}],"author":[{"embeddable":true,"href":"https:\/\/kvivlaxmarin.fi\/sv\/wp-json\/wp\/v2\/users\/1"}],"replies":[{"embeddable":true,"href":"https:\/\/kvivlaxmarin.fi\/sv\/wp-json\/wp\/v2\/comments?post=40"}],"version-history":[{"count":1,"href":"https:\/\/kvivlaxmarin.fi\/sv\/wp-json\/wp\/v2\/pages\/40\/revisions"}],"predecessor-version":[{"id":392,"href":"https:\/\/kvivlaxmarin.fi\/sv\/wp-json\/wp\/v2\/pages\/40\/revisions\/392"}],"wp:attachment":[{"href":"https:\/\/kvivlaxmarin.fi\/sv\/wp-json\/wp\/v2\/media?parent=40"}],"curies":[{"name":"wp","href":"https:\/\/api.w.org\/{rel}","templated":true}]}}