{"id":27,"date":"2013-12-18T18:30:03","date_gmt":"2013-12-18T18:30:03","guid":{"rendered":"http:\/\/77.240.19.8\/~scandima\/?page_id=27"},"modified":"2024-08-25T21:44:35","modified_gmt":"2024-08-25T18:44:35","slug":"service","status":"publish","type":"page","link":"https:\/\/kvivlaxmarin.fi\/sv\/service\/","title":{"rendered":"Service"},"content":{"rendered":"<div class=\"one-half first\">\n<h2>Motorservice<\/h2>\n<p>V\u00e5ra servicem\u00e4n servar alla\u00a0motorm\u00e4rken. Motorservicen\u00a0utf\u00f6rs av\u00a0Grandells\u00a0verkstad\u00a0(tel.\u00a0040 554 7559) och M\u00e4l\u00f6 Marin (0400 820 854).<\/p>\n<h2>B\u00e5t\u00f6verdag och textilier<\/h2>\n<p>V\u00e5r samarbetpartner Verhoomo Nasta reparerar b\u00e5t\u00f6verdrag och andra textilier. <a href=\"http:\/\/www.verhoomonasta.fi\/\" target=\"_blank\" rel=\"noopener\">www.verhoomonasta.fi<\/a><\/p>\n<h2>Reparationer och underh\u00e5ll av tr\u00e4b\u00e5tar<\/h2>\n<p><a href=\"https:\/\/simbergworks.fi\/batbyggeri\/?lang=sv\" target=\"_blank\" rel=\"noopener\">Simberg &#8211; B\u00e5t och Snickeri<\/a> utf\u00f6r tr\u00e4arbeten p\u00e5 b\u00e5tar s\u00e5v\u00e4l reparationer som underh\u00e5ll. Tel. 040 753 5788.<\/p>\n<\/div>\n<div class=\"one-half\"><img loading=\"lazy\" decoding=\"async\" class=\"aligncenter wp-image-294 size-large\" src=\"https:\/\/kvivlaxmarin.fi\/wp-content\/uploads\/2024\/08\/scandimarin-palvelut-service-1024x768.jpg\" alt=\"Scandimarin b\u00e5tservice\" width=\"1024\" height=\"768\" title=\"\" srcset=\"https:\/\/kvivlaxmarin.fi\/wp-content\/uploads\/2024\/08\/scandimarin-palvelut-service-1024x768.jpg 1024w, https:\/\/kvivlaxmarin.fi\/wp-content\/uploads\/2024\/08\/scandimarin-palvelut-service-300x225.jpg 300w, https:\/\/kvivlaxmarin.fi\/wp-content\/uploads\/2024\/08\/scandimarin-palvelut-service-768x576.jpg 768w, https:\/\/kvivlaxmarin.fi\/wp-content\/uploads\/2024\/08\/scandimarin-palvelut-service-1536x1152.jpg 1536w, https:\/\/kvivlaxmarin.fi\/wp-content\/uploads\/2024\/08\/scandimarin-palvelut-service-2048x1536.jpg 2048w\" sizes=\"auto, (max-width: 1024px) 100vw, 1024px\" \/><\/div>\n","protected":false},"excerpt":{"rendered":"<p>V\u00e5ra servicem\u00e4n \u00e4r auktoriserad f\u00f6r flere motorm\u00e4rken.<\/p>\n<a class=\"teaser-button\" href=\"https:\/\/kvivlaxmarin.fi\/sv\/service\/\">L\u00e4s mer...<\/a>","protected":false},"author":1,"featured_media":128,"parent":0,"menu_order":3,"comment_status":"closed","ping_status":"closed","template":"","meta":{"_genesis_hide_title":false,"_genesis_hide_breadcrumbs":false,"_genesis_hide_singular_image":false,"_genesis_hide_footer_widgets":false,"_genesis_custom_body_class":"","_genesis_custom_post_class":"","_genesis_layout":"","footnotes":""},"class_list":{"0":"post-27","1":"page","2":"type-page","3":"status-publish","4":"has-post-thumbnail","6":"entry"},"_links":{"self":[{"href":"https:\/\/kvivlaxmarin.fi\/sv\/wp-json\/wp\/v2\/pages\/27","targetHints":{"allow":["GET"]}}],"collection":[{"href":"https:\/\/kvivlaxmarin.fi\/sv\/wp-json\/wp\/v2\/pages"}],"about":[{"href":"https:\/\/kvivlaxmarin.fi\/sv\/wp-json\/wp\/v2\/types\/page"}],"author":[{"embeddable":true,"href":"https:\/\/kvivlaxmarin.fi\/sv\/wp-json\/wp\/v2\/users\/1"}],"replies":[{"embeddable":true,"href":"https:\/\/kvivlaxmarin.fi\/sv\/wp-json\/wp\/v2\/comments?post=27"}],"version-history":[{"count":1,"href":"https:\/\/kvivlaxmarin.fi\/sv\/wp-json\/wp\/v2\/pages\/27\/revisions"}],"predecessor-version":[{"id":391,"href":"https:\/\/kvivlaxmarin.fi\/sv\/wp-json\/wp\/v2\/pages\/27\/revisions\/391"}],"wp:featuredmedia":[{"embeddable":true,"href":"https:\/\/kvivlaxmarin.fi\/sv\/wp-json\/wp\/v2\/media\/128"}],"wp:attachment":[{"href":"https:\/\/kvivlaxmarin.fi\/sv\/wp-json\/wp\/v2\/media?parent=27"}],"curies":[{"name":"wp","href":"https:\/\/api.w.org\/{rel}","templated":true}]}}